{"id":17518,"date":"2026-03-03T12:43:45","date_gmt":"2026-03-03T12:43:45","guid":{"rendered":"https:\/\/allotjamentsruralsmollo.com\/?page_id=17518"},"modified":"2026-03-03T12:43:45","modified_gmt":"2026-03-03T12:43:45","slug":"avis-legal","status":"publish","type":"page","link":"https:\/\/allotjamentsruralsmollo.com\/ca\/avis-legal\/","title":{"rendered":"AV\u00cdS LEGAL"},"content":{"rendered":"<h1><strong>AV\u00cdS LEGAL<\/strong><\/h1>\n<p>En compliment de la Llei 34\/2002, d\u201911 de juliol, de Serveis de la Societat de la Informaci\u00f3 i de Comer\u00e7 Electr\u00f2nic (LSSI-CE), SOLSAU SL informa que \u00e9s titular del lloc web. D\u2019acord amb l\u2019exig\u00e8ncia de l\u2019article 10 de l\u2019esmentada Llei, SOLSAU SL informa de les dades seg\u00fcents:<\/p>\n<p><strong>RA\u00d3 SOCIAL:<\/strong> SOLSAU SL<br \/>\n<strong>NIF:<\/strong> B17913401<br \/>\n<strong>DOMINI:<\/strong> <u>https:\/\/allotjamentsruralsmollo.com\/<\/u><br \/>\n<strong>ADRE\u00c7A POSTAL:<\/strong> CARRETERA A FRAN\u00c7A 12, 17868 MOLL\u00d3 (GIRONA)<br \/>\n<strong>ADRE\u00c7A ELECTR\u00d2NICA:<\/strong> info@allotjamentsruralsmollo.com<br \/>\n<strong>TEL\u00c8FON:<\/strong> 972130094<\/p>\n<p><strong>Usuari i r\u00e8gim de responsabilitats<\/strong><\/p>\n<p>La navegaci\u00f3, acc\u00e9s i \u00fas del lloc web de SOLSAU SL confereix la condici\u00f3 d\u2019usuari.<\/p>\n<p>El lloc web de SOLSAU SL proporciona una gran diversitat d\u2019informaci\u00f3, serveis i dades. L\u2019usuari assumeix la responsabilitat del correcte \u00fas del lloc web. Aquesta responsabilitat s\u2019estendr\u00e0 a:<\/p>\n<ul>\n<li>La veracitat i licitud de les informacions aportades per l\u2019usuari en els formularis facilitats per SOLSAU SL per a l\u2019acc\u00e9s a determinats continguts o serveis oferts pel web.<\/li>\n<li>L\u2019\u00fas de la informaci\u00f3, serveis i dades oferts per SOLSAU SL contrari al que disposen les presents condicions, la Llei, la moral, els bons costums o l\u2019ordre p\u00fablic, o que de qualsevol altra manera pugui suposar una lesi\u00f3 dels drets de tercers o del mateix funcionament del lloc web.<\/li>\n<\/ul>\n<p><strong>Pol\u00edtica d\u2019enlla\u00e7os i exempcions de responsabilitat<\/strong><\/p>\n<p>SOLSAU SL no es fa responsable del contingut dels llocs web als quals l\u2019usuari pugui accedir a trav\u00e9s dels enlla\u00e7os establerts al seu lloc web, sempre que no tingui coneixement efectiu que l\u2019activitat o la informaci\u00f3 a la qual remet o recomana \u00e9s il\u00b7l\u00edcita o que lesiona b\u00e9ns o drets d\u2019un tercer susceptibles d\u2019indemnitzaci\u00f3, o, en cas de tenir-ne coneixement, actu\u00ef amb dilig\u00e8ncia per suprimir o inutilitzar l\u2019enlla\u00e7 corresponent.<\/p>\n<p>S\u2019entendr\u00e0 que SOLSAU SL t\u00e9 el coneixement efectiu al qual es refereix el par\u00e0graf anterior quan un \u00f2rgan competent hagi declarat la il\u00b7licitud de les dades, ordenat la seva retirada o que s\u2019impossibiliti l\u2019acc\u00e9s a aquestes, o s\u2019hagi declarat l\u2019exist\u00e8ncia de la lesi\u00f3, i SOLSAU SL conegu\u00e9s la corresponent resoluci\u00f3, sense perjudici dels procediments de detecci\u00f3 i retirada de continguts que SOLSAU SL apliqui en virtut d\u2019acords voluntaris i d\u2019altres mitjans de coneixement efectiu que es puguin establir.<\/p>\n<p>SOLSAU SL declara haver adoptat totes les mesures necess\u00e0ries per evitar qualsevol dany als usuaris del seu lloc web que es pogu\u00e9s derivar de la navegaci\u00f3 pel mateix. En conseq\u00fc\u00e8ncia, SOLSAU SL no es fa responsable, en cap cas, dels eventuals danys que per la navegaci\u00f3 per Internet pugui patir l\u2019usuari. Aix\u00ed mateix, tampoc garantir\u00e0 la disponibilitat t\u00e8cnica, exactitud, veracitat, validesa o legalitat de llocs aliens a la seva propietat als quals es pugui accedir mitjan\u00e7ant els enlla\u00e7os.<\/p>\n<p><strong>Modificacions<\/strong><\/p>\n<p>SOLSAU SL es reserva la facultat d\u2019efectuar, en qualsevol moment i sense necessitat de previ av\u00eds, modificacions i actualitzacions de la informaci\u00f3 continguda al seu lloc web o en la configuraci\u00f3 i presentaci\u00f3 d\u2019aquest. Amb la finalitat de mantenir actualitzada la informaci\u00f3 publicada, els continguts podran ser modificats, corregits, eliminats o afegits en qualsevol moment, per qualsevol forma admissible en dret.<\/p>\n<p><strong>Indicaci\u00f3 de preus<\/strong><\/p>\n<p>En cas que es mostrin preus de productes i\/o serveis, els indicats en pantalla seran els vigents en cada moment. Els preus s\u2019indicaran en euros i inclouran l\u2019Impost sobre el Valor Afegit (IVA). En cas que l\u2019IVA no estigui incl\u00f2s en el preu, s\u2019indicar\u00e0 de manera expressa i es permetr\u00e0 a l\u2019usuari visualitzar el preu final complet.<\/p>\n<p>Aix\u00ed mateix, si fos aplicable qualsevol altre impost, s\u2019indicaria, incloent-hi, si escau, l\u2019import dels increments o descomptes que siguin aplicables a l\u2019oferta i les despeses addicionals que puguin repercutir al consumidor o usuari.<\/p>\n<p><strong>Propietat intel\u00b7lectual i industrial<\/strong><\/p>\n<p>SOLSAU SL, per si mateixa o com a cession\u00e0ria, \u00e9s titular de tots els drets de propietat intel\u00b7lectual i industrial del seu lloc web, aix\u00ed com dels elements continguts en aquest (a t\u00edtol enunciatiu: imatges, so, \u00e0udio, v\u00eddeo, programari o textos; marques o logotips, combinacions de colors, estructura i disseny, selecci\u00f3 de materials utilitzats, programes inform\u00e0tics necessaris per al seu funcionament, acc\u00e9s i \u00fas, etc.), titularitat de SOLSAU SL.<\/p>\n<p>Seran, en conseq\u00fc\u00e8ncia, obres protegides com a propietat intel\u00b7lectual per l\u2019ordenament jur\u00eddic espanyol, i els seran aplicables tant la normativa espanyola i comunit\u00e0ria en aquest \u00e0mbit com els tractats internacionals relatius a la mat\u00e8ria subscrits per Espanya.<\/p>\n<p>Tots els drets reservats. En virtut del que disposa la Llei de Propietat Intel\u00b7lectual, queden expressament prohibides la reproducci\u00f3, distribuci\u00f3 i comunicaci\u00f3 p\u00fablica, inclosa la seva modalitat de posada a disposici\u00f3, de la totalitat o part dels continguts d\u2019aquesta p\u00e0gina web, amb finalitats comercials, en qualsevol suport i per qualsevol mitj\u00e0 t\u00e8cnic, sense l\u2019autoritzaci\u00f3 de SOLSAU SL.<\/p>\n<p>L\u2019usuari es compromet a respectar els drets de Propietat Intel\u00b7lectual i Industrial titularitat de SOLSAU SL. Podr\u00e0 visualitzar els elements del portal i fins i tot imprimir-los, copiar-los i emmagatzemar-los al disc dur del seu ordinador o en qualsevol altre suport f\u00edsic, sempre que sigui \u00fanica i exclusivament per al seu \u00fas personal i privat. L\u2019usuari haur\u00e0 d\u2019abstenir-se de suprimir, alterar, eludir o manipular qualsevol dispositiu de protecci\u00f3 o sistema de seguretat que estigui instal\u00b7lat a les p\u00e0gines de SOLSAU SL.<\/p>\n<p><strong>Accions legals, legislaci\u00f3 aplicable i jurisdicci\u00f3<\/strong><\/p>\n<p>Si l\u2019usuari desitja presentar una reclamaci\u00f3, haur\u00e0 de contactar mitjan\u00e7ant el correu electr\u00f2nic info@allotjamentsruralsmollo.com Aix\u00ed mateix, SOLSAU SL disposa de fulls oficials de reclamaci\u00f3 a disposici\u00f3 dels consumidors i usuaris.<\/p>\n<p>SOLSAU SL es reserva la facultat de presentar les accions civils o penals que consideri oportunes per la utilitzaci\u00f3 indeguda del seu lloc web i continguts, o per l\u2019incompliment de les presents condicions.<\/p>\n<p>La relaci\u00f3 entre l\u2019usuari i el prestador es regir\u00e0 per la normativa vigent i d\u2019aplicaci\u00f3 al territori espanyol. En cas que sorgeixi qualsevol controv\u00e8rsia, les parts podran sotmetre els seus conflictes a arbitratge o acudir a la jurisdicci\u00f3 ordin\u00e0ria complint amb les normes sobre jurisdicci\u00f3 i compet\u00e8ncia aplicables.<\/p>\n<p>&nbsp;<\/p>\n","protected":false},"excerpt":{"rendered":"<p>AV\u00cdS LEGAL En compliment de la Llei 34\/2002, d\u201911 de juliol, de Serveis de la Societat de la Informaci\u00f3 i de Comer\u00e7 Electr\u00f2nic (LSSI-CE), SOLSAU SL informa que \u00e9s titular del lloc web. D\u2019acord amb l\u2019exig\u00e8ncia de l\u2019article 10 de l\u2019esmentada Llei, SOLSAU SL informa de les dades seg\u00fcents: RA\u00d3 SOCIAL: SOLSAU SL NIF: B17913401 DOMINI:  [&#8230;]<\/p>\n","protected":false},"author":4,"featured_media":0,"parent":0,"menu_order":0,"comment_status":"closed","ping_status":"closed","template":"","meta":{"footnotes":""},"class_list":["post-17518","page","type-page","status-publish","hentry"],"_links":{"self":[{"href":"https:\/\/allotjamentsruralsmollo.com\/ca\/wp-json\/wp\/v2\/pages\/17518","targetHints":{"allow":["GET"]}}],"collection":[{"href":"https:\/\/allotjamentsruralsmollo.com\/ca\/wp-json\/wp\/v2\/pages"}],"about":[{"href":"https:\/\/allotjamentsruralsmollo.com\/ca\/wp-json\/wp\/v2\/types\/page"}],"author":[{"embeddable":true,"href":"https:\/\/allotjamentsruralsmollo.com\/ca\/wp-json\/wp\/v2\/users\/4"}],"replies":[{"embeddable":true,"href":"https:\/\/allotjamentsruralsmollo.com\/ca\/wp-json\/wp\/v2\/comments?post=17518"}],"version-history":[{"count":1,"href":"https:\/\/allotjamentsruralsmollo.com\/ca\/wp-json\/wp\/v2\/pages\/17518\/revisions"}],"predecessor-version":[{"id":17519,"href":"https:\/\/allotjamentsruralsmollo.com\/ca\/wp-json\/wp\/v2\/pages\/17518\/revisions\/17519"}],"wp:attachment":[{"href":"https:\/\/allotjamentsruralsmollo.com\/ca\/wp-json\/wp\/v2\/media?parent=17518"}],"curies":[{"name":"wp","href":"https:\/\/api.w.org\/{rel}","templated":true}]}}