{"id":17521,"date":"2026-02-25T16:34:53","date_gmt":"2026-02-25T16:34:53","guid":{"rendered":"https:\/\/allotjamentsruralsmollo.com\/politica-de-privacidad\/"},"modified":"2026-03-03T13:01:11","modified_gmt":"2026-03-03T13:01:11","slug":"politica-de-privacidad","status":"publish","type":"page","link":"https:\/\/allotjamentsruralsmollo.com\/ca\/politica-de-privacidad\/","title":{"rendered":"POL\u00cdTICA DE PRIVACITAT P\u00e0GINA WEB"},"content":{"rendered":"<p><strong>\u00a0POL\u00cdTICA DE PRIVACITAT P\u00c0GINA WEB<\/strong><\/p>\n<p><strong>POL\u00cdTICA DE PRIVACITAT DE https:\/\/allotjamentsruralsmollo.com\/<\/strong><\/p>\n<p><strong>Dades del propietari del web:<\/strong><\/p>\n<p><strong>RA\u00d3 SOCIAL:<\/strong> SOLSAU SL<br \/>\n<strong>NIF:<\/strong> B17913401<br \/>\n<strong>DOMINI:https:\/\/allotjamentsruralsmollo.com\/<\/strong><br \/>\n<strong>ADRE\u00c7A POSTAL:<\/strong> CARRETERA A FRAN\u00c7A 12, 17868 MOLL\u00d3 (GIRONA)<br \/>\n<strong>ADRE\u00c7A ELECTR\u00d2NICA:info@allotjamentsruralsmollo.com<\/strong><br \/>\n<strong>TEL\u00c8FON:<\/strong> 972130094<\/p>\n<p><strong>Protecci\u00f3 de dades<\/strong><\/p>\n<p>D\u2019acord amb la normativa vigent i aplicable en mat\u00e8ria de protecci\u00f3 de dades de car\u00e0cter personal, l\u2019informem que les seves dades seran incorporades al sistema de tractament titularitat de SOLSAU SL, amb NIF B17913401 i domicili social situat a CARRETERA A FRAN\u00c7A 12, 17868 MOLL\u00d3 (GIRONA).<\/p>\n<p>A continuaci\u00f3, es facilita la informaci\u00f3 dels tractaments realitzats:<\/p>\n<p><strong>TRACTAMENTS REALITZATS<\/strong><\/p>\n<ol>\n<li><strong> Accions comercials \u2013 Formulari web<\/strong><\/li>\n<\/ol>\n<ul>\n<li><strong>Finalitat:<\/strong> Captaci\u00f3, registre i tractament de dades amb la finalitat d\u2019atendre les seves consultes i\/o sol\u00b7licituds, aix\u00ed com de publicitat i prospecci\u00f3 comercial.<br \/>\n\u2022 <strong>Termini de conservaci\u00f3:<\/strong> Mentre es mantingui el consentiment prestat, excepte obligaci\u00f3 legal.<br \/>\n\u2022 <strong>Base legitimadora:<\/strong> El consentiment de la persona interessada.<br \/>\n\u2022 <strong>Tipologia de dades:<\/strong><br \/>\n\u2022 Dades b\u00e0siques: Nom i cognoms, adre\u00e7a electr\u00f2nica.<\/li>\n<\/ul>\n<ol start=\"2\">\n<li><strong> Newsletter<\/strong><\/li>\n<\/ol>\n<ul>\n<li><strong>Finalitat:<\/strong> Gesti\u00f3 de la subscripci\u00f3 a la newsletter per realitzar els enviaments corresponents.<br \/>\n\u2022 <strong>Termini de conservaci\u00f3:<\/strong> Mentre es mantingui el consentiment prestat.<br \/>\n\u2022 <strong>Base legitimadora:<\/strong> El consentiment de la persona interessada.<br \/>\n\u2022 <strong>Tipologia de dades:<\/strong><br \/>\n\u2022 Dades b\u00e0siques: Nom i cognoms, adre\u00e7a electr\u00f2nica.<\/li>\n<\/ul>\n<ol start=\"3\">\n<li><strong> Gesti\u00f3 d\u2019usuaris web<\/strong><\/li>\n<\/ol>\n<ul>\n<li><strong>Finalitat:<\/strong> Captaci\u00f3, registre i tractament de dades de l\u2019usuari.<br \/>\n\u2022 <strong>Termini de conservaci\u00f3:<\/strong> Mentre es mantingui el consentiment prestat, excepte obligaci\u00f3 legal.<br \/>\n\u2022 <strong>Base legitimadora:<\/strong> El consentiment de la persona interessada.<br \/>\n\u2022 <strong>Tipologia de dades:<\/strong><br \/>\n\u2022 Dades b\u00e0siques: Nom i cognoms, adre\u00e7a electr\u00f2nica.<\/li>\n<\/ul>\n<ol start=\"4\">\n<li><strong> Instal\u00b7laci\u00f3 de cookies<\/strong><\/li>\n<\/ol>\n<ul>\n<li><strong>Finalitat:<\/strong> Gesti\u00f3 i instal\u00b7laci\u00f3 de les cookies.<br \/>\n\u2022 <strong>Termini de conservaci\u00f3:<\/strong> Mentre es mantingui el consentiment prestat.<br \/>\n\u2022 <strong>Base legitimadora:<\/strong> El consentiment de la persona interessada.<br \/>\n\u2022 <strong>Tipologia de dades:<\/strong><br \/>\n\u2022 Dades b\u00e0siques: Adre\u00e7a electr\u00f2nica, adre\u00e7a IP.<\/li>\n<\/ul>\n<ol start=\"5\">\n<li><strong> Gesti\u00f3 formulari web<\/strong><\/li>\n<\/ol>\n<ul>\n<li><strong>Finalitat:<\/strong> Atendre les seves consultes i\/o sol\u00b7licituds.<br \/>\n\u2022 <strong>Termini de conservaci\u00f3:<\/strong> Mentre es mantingui el consentiment prestat.<br \/>\n\u2022 <strong>Base legitimadora:<\/strong> El consentiment de la persona interessada.<br \/>\n\u2022 <strong>Tipologia de dades:<\/strong><br \/>\n\u2022 Dades b\u00e0siques: Nom i cognoms, adre\u00e7a electr\u00f2nica, adre\u00e7a IP.<\/li>\n<\/ul>\n<p><strong>Drets de les persones interessades<\/strong><\/p>\n<p>SOLSAU SL informa els usuaris que poden exercir els drets d\u2019acc\u00e9s, rectificaci\u00f3, limitaci\u00f3, supressi\u00f3, portabilitat, oposici\u00f3 al tractament de les seves dades personals i el dret a no ser objecte de decisions automatitzades, inclosa l\u2019elaboraci\u00f3 de perfils, davant el Responsable del Tractament, aix\u00ed com retirar el consentiment prestat.<\/p>\n<ul>\n<li><strong>Dret d\u2019Acc\u00e9s:<\/strong> Dret a obtenir confirmaci\u00f3 sobre si s\u2019estan tractant les seves dades i, en tal cas, accedir a les dades personals tractades i a la informaci\u00f3 legal del tractament (finalitats, base legitimadora, terminis de conservaci\u00f3, cessions, origen de les dades, etc.).<\/li>\n<li><strong>Dret de Rectificaci\u00f3:<\/strong> Dret a modificar les dades inexactes o incompletes. En relaci\u00f3 amb la p\u00e0gina web, nom\u00e9s es podr\u00e0 satisfer respecte a la informaci\u00f3 sota el control del lloc web (per exemple, eliminar comentaris, imatges o continguts on constin dades personals).<\/li>\n<li><strong>Dret a la Limitaci\u00f3 del Tractament:<\/strong> Dret a limitar les finalitats del tractament en determinats sup\u00f2sits.<\/li>\n<li><strong>Dret de Supressi\u00f3:<\/strong> Dret a suprimir les dades personals, excepte en els casos previstos pel RGPD (llibertat d\u2019expressi\u00f3 i informaci\u00f3, obligacions de conservaci\u00f3, formulaci\u00f3 o defensa de reclamacions, etc.).<\/li>\n<li><strong>Dret a la Portabilitat:<\/strong> Dret a rebre les dades facilitades en un format estructurat, d\u2019\u00fas com\u00fa i lectura mec\u00e0nica, i a transmetre-les a un altre responsable quan el tractament es basi en el consentiment o en l\u2019execuci\u00f3 d\u2019un contracte i es realitzi per mitjans automatitzats.<\/li>\n<li><strong>Dret d\u2019Oposici\u00f3:<\/strong> Dret a oposar-se al tractament quan aquest es basi en l\u2019inter\u00e8s leg\u00edtim o p\u00fablic, o en tractaments amb finalitats de m\u00e0rqueting directe.<\/li>\n<li><strong>Dret a no ser objecte de decisions automatitzades:<\/strong> Quan el tractament no sigui necessari per a un contracte, no estigui autoritzat per normativa ni es basi en el consentiment, t\u00e9 dret a no ser objecte d\u2019una decisi\u00f3 basada \u00fanicament en el tractament automatitzat, inclosa l\u2019elaboraci\u00f3 de perfils.<\/li>\n<li><strong>Dret a retirar el consentiment:<\/strong> En qualsevol moment i de manera gratu\u00efta per als tractaments basats en el consentiment.<\/li>\n<\/ul>\n<p><strong>Exercici dels drets<\/strong><\/p>\n<p>Per exercir qualsevol dels drets descrits anteriorment, haur\u00e0 de:<\/p>\n<ul>\n<li>Presentar un escrit a CARRETERA A FRAN\u00c7A 12, 17868 MOLL\u00d3 (GIRONA) (a l\u2019atenci\u00f3 de SOLSAU SL) o b\u00e9 enviar un correu electr\u00f2nic a INFO@MOLLOPARC.COM El seu escrit haur\u00e0 de:<\/li>\n<\/ul>\n<ul>\n<li>Identificar-se degudament (si hi ha dubtes sobre la identitat, es podr\u00e0 sol\u00b7licitar informaci\u00f3 addicional com DNI, correu electr\u00f2nic facilitat, etc.).<\/li>\n<li>En cas de representaci\u00f3, aportar autoritzaci\u00f3 expressa del titular de les dades.<\/li>\n<li>Especificar el dret que desitja exercir. Si no es concreta un tractament espec\u00edfic, es respondr\u00e0 respecte a tots els tractaments.<\/li>\n<li>Indicar una adre\u00e7a postal o electr\u00f2nica a efectes de notificacions.<\/li>\n<li>Aportar, si escau, documents acreditatius.<\/li>\n<li>Utilitzar qualsevol mitj\u00e0 que permeti acreditar l\u2019enviament i recepci\u00f3 de la sol\u00b7licitud.<\/li>\n<\/ul>\n<p>Finalment, l\u2019informem que t\u00e9 dret a presentar una reclamaci\u00f3 davant l\u2019Ag\u00e8ncia Espanyola de Protecci\u00f3 de Dades si considera que s\u2019ha produ\u00eft un incompliment de la normativa de protecci\u00f3 de dades.<\/p>\n<p>SOLSAU SL es compromet a adoptar les mesures t\u00e8cniques i organitzatives necess\u00e0ries, d\u2019acord amb el nivell de risc associat als tractaments realitzats, per garantir la integritat, confidencialitat i disponibilitat de les dades.<\/p>\n<p>&nbsp;<\/p>\n","protected":false},"excerpt":{"rendered":"<p>\u00a0POL\u00cdTICA DE PRIVACITAT P\u00c0GINA WEB POL\u00cdTICA DE PRIVACITAT DE https:\/\/allotjamentsruralsmollo.com\/ Dades del propietari del web: RA\u00d3 SOCIAL: SOLSAU SL NIF: B17913401 DOMINI:https:\/\/allotjamentsruralsmollo.com\/ ADRE\u00c7A POSTAL: CARRETERA A FRAN\u00c7A 12, 17868 MOLL\u00d3 (GIRONA) ADRE\u00c7A ELECTR\u00d2NICA:info@allotjamentsruralsmollo.com TEL\u00c8FON: 972130094 Protecci\u00f3 de dades D\u2019acord amb la normativa vigent i aplicable en mat\u00e8ria de protecci\u00f3 de dades de car\u00e0cter personal, l\u2019informem que  [&#8230;]<\/p>\n","protected":false},"author":4,"featured_media":0,"parent":0,"menu_order":0,"comment_status":"closed","ping_status":"closed","template":"","meta":{"footnotes":""},"class_list":["post-17521","page","type-page","status-publish","hentry"],"_links":{"self":[{"href":"https:\/\/allotjamentsruralsmollo.com\/ca\/wp-json\/wp\/v2\/pages\/17521","targetHints":{"allow":["GET"]}}],"collection":[{"href":"https:\/\/allotjamentsruralsmollo.com\/ca\/wp-json\/wp\/v2\/pages"}],"about":[{"href":"https:\/\/allotjamentsruralsmollo.com\/ca\/wp-json\/wp\/v2\/types\/page"}],"author":[{"embeddable":true,"href":"https:\/\/allotjamentsruralsmollo.com\/ca\/wp-json\/wp\/v2\/users\/4"}],"replies":[{"embeddable":true,"href":"https:\/\/allotjamentsruralsmollo.com\/ca\/wp-json\/wp\/v2\/comments?post=17521"}],"version-history":[{"count":3,"href":"https:\/\/allotjamentsruralsmollo.com\/ca\/wp-json\/wp\/v2\/pages\/17521\/revisions"}],"predecessor-version":[{"id":17524,"href":"https:\/\/allotjamentsruralsmollo.com\/ca\/wp-json\/wp\/v2\/pages\/17521\/revisions\/17524"}],"wp:attachment":[{"href":"https:\/\/allotjamentsruralsmollo.com\/ca\/wp-json\/wp\/v2\/media?parent=17521"}],"curies":[{"name":"wp","href":"https:\/\/api.w.org\/{rel}","templated":true}]}}